{"id":823,"date":"2020-04-13T15:25:16","date_gmt":"2020-04-13T19:25:16","guid":{"rendered":"https:\/\/bubbletubing.wp.vortexdev.com\/?page_id=823"},"modified":"2025-10-22T13:00:33","modified_gmt":"2025-10-22T17:00:33","slug":"controle-des-sediments","status":"publish","type":"page","link":"https:\/\/bubbletubing.wp.vortexdev.com\/fr\/les-solutions-du-tuyau-bulle\/rideau-de-bulles-tuyau-bulle\/controle-des-sediments\/","title":{"rendered":"Contr\u00f4le des s\u00e9diments"},"content":{"rendered":"","protected":false},"excerpt":{"rendered":"","protected":false},"author":1,"featured_media":0,"parent":230,"menu_order":0,"comment_status":"closed","ping_status":"closed","template":"pages\/page-application.php","meta":{"_acf_changed":false,"_relevanssi_hide_post":"","_relevanssi_hide_content":"","_relevanssi_pin_for_all":"","_relevanssi_pin_keywords":"","_relevanssi_unpin_keywords":"","_relevanssi_related_keywords":"","_relevanssi_related_include_ids":"","_relevanssi_related_exclude_ids":"","_relevanssi_related_no_append":"","_relevanssi_related_not_related":"","_relevanssi_related_posts":"","_relevanssi_noindex_reason":"","inline_featured_image":false,"footnotes":""},"class_list":["post-823","page","type-page","status-publish","hentry"],"acf":[],"yoast_head":"<!-- This site is optimized with the Yoast SEO plugin v27.2 - https:\/\/yoast.com\/product\/yoast-seo-wordpress\/ -->\n<title>Contr\u00f4le des s\u00e9diments avec le rideau de bulles \u00e0 des fin de confinements.<\/title>\n<meta name=\"description\" content=\"Contr\u00f4le des s\u00e9diments avec un rideau de bulles utilis\u00e9 sur chantiers de dragage et les zones aquatiques pour le confinements de s\u00e9diments.\" \/>\n<meta name=\"robots\" content=\"index, follow, max-snippet:-1, max-image-preview:large, max-video-preview:-1\" \/>\n<link rel=\"canonical\" href=\"https:\/\/bubbletubing.wp.vortexdev.com\/fr\/les-solutions-du-tuyau-bulle\/rideau-de-bulles-tuyau-bulle\/controle-des-sediments\/\" \/>\n<meta property=\"og:locale\" content=\"fr_CA\" \/>\n<meta property=\"og:type\" content=\"article\" \/>\n<meta property=\"og:title\" content=\"Contr\u00f4le des s\u00e9diments avec le rideau de bulles \u00e0 des fin de confinements.\" \/>\n<meta property=\"og:description\" content=\"Contr\u00f4le des s\u00e9diments avec un rideau de bulles utilis\u00e9 sur chantiers de dragage et les zones aquatiques pour le confinements de s\u00e9diments.\" \/>\n<meta property=\"og:url\" content=\"https:\/\/bubbletubing.wp.vortexdev.com\/fr\/les-solutions-du-tuyau-bulle\/rideau-de-bulles-tuyau-bulle\/controle-des-sediments\/\" \/>\n<meta property=\"og:site_name\" content=\"Bubble Tubing\" \/>\n<meta property=\"article:modified_time\" content=\"2025-10-22T17:00:33+00:00\" \/>\n<meta name=\"twitter:card\" content=\"summary_large_image\" \/>\n<script type=\"application\/ld+json\" class=\"yoast-schema-graph\">{\"@context\":\"https:\/\/schema.org\",\"@graph\":[{\"@type\":\"WebPage\",\"@id\":\"https:\/\/bubbletubing.wp.vortexdev.com\/fr\/les-solutions-du-tuyau-bulle\/rideau-de-bulles-tuyau-bulle\/controle-des-sediments\/\",\"url\":\"https:\/\/bubbletubing.wp.vortexdev.com\/fr\/les-solutions-du-tuyau-bulle\/rideau-de-bulles-tuyau-bulle\/controle-des-sediments\/\",\"name\":\"Contr\u00f4le des s\u00e9diments avec le rideau de bulles \u00e0 des fin de confinements.\",\"isPartOf\":{\"@id\":\"https:\/\/bubbletubing.wp.vortexdev.com\/fr\/#website\"},\"datePublished\":\"2020-04-13T19:25:16+00:00\",\"dateModified\":\"2025-10-22T17:00:33+00:00\",\"description\":\"Contr\u00f4le des s\u00e9diments avec un rideau de bulles utilis\u00e9 sur chantiers de dragage et les zones aquatiques pour le confinements de s\u00e9diments.\",\"breadcrumb\":{\"@id\":\"https:\/\/bubbletubing.wp.vortexdev.com\/fr\/les-solutions-du-tuyau-bulle\/rideau-de-bulles-tuyau-bulle\/controle-des-sediments\/#breadcrumb\"},\"inLanguage\":\"fr-CA\",\"potentialAction\":[{\"@type\":\"ReadAction\",\"target\":[\"https:\/\/bubbletubing.wp.vortexdev.com\/fr\/les-solutions-du-tuyau-bulle\/rideau-de-bulles-tuyau-bulle\/controle-des-sediments\/\"]}]},{\"@type\":\"BreadcrumbList\",\"@id\":\"https:\/\/bubbletubing.wp.vortexdev.com\/fr\/les-solutions-du-tuyau-bulle\/rideau-de-bulles-tuyau-bulle\/controle-des-sediments\/#breadcrumb\",\"itemListElement\":[{\"@type\":\"ListItem\",\"position\":1,\"name\":\"Home\",\"item\":\"https:\/\/bubbletubing.wp.vortexdev.com\/fr\/\"},{\"@type\":\"ListItem\",\"position\":2,\"name\":\"Les Solutions du Tuyau Bulle\u00ae\",\"item\":\"https:\/\/bubbletubing.wp.vortexdev.com\/fr\/les-solutions-du-tuyau-bulle\/\"},{\"@type\":\"ListItem\",\"position\":3,\"name\":\"Rideau de bulles\",\"item\":\"https:\/\/bubbletubing.wp.vortexdev.com\/fr\/les-solutions-du-tuyau-bulle\/rideau-de-bulles-tuyau-bulle\/\"},{\"@type\":\"ListItem\",\"position\":4,\"name\":\"Contr\u00f4le des s\u00e9diments\"}]},{\"@type\":\"WebSite\",\"@id\":\"https:\/\/bubbletubing.wp.vortexdev.com\/fr\/#website\",\"url\":\"https:\/\/bubbletubing.wp.vortexdev.com\/fr\/\",\"name\":\"Bubble Tubing\",\"description\":\"Barri\u00e8re de bulles, d\u00e9gla\u00e7age, a\u00e9ration\",\"potentialAction\":[{\"@type\":\"SearchAction\",\"target\":{\"@type\":\"EntryPoint\",\"urlTemplate\":\"https:\/\/bubbletubing.wp.vortexdev.com\/fr\/?s={search_term_string}\"},\"query-input\":{\"@type\":\"PropertyValueSpecification\",\"valueRequired\":true,\"valueName\":\"search_term_string\"}}],\"inLanguage\":\"fr-CA\"}]}<\/script>\n<!-- \/ Yoast SEO plugin. -->","yoast_head_json":{"title":"Contr\u00f4le des s\u00e9diments avec le rideau de bulles \u00e0 des fin de confinements.","description":"Contr\u00f4le des s\u00e9diments avec un rideau de bulles utilis\u00e9 sur chantiers de dragage et les zones aquatiques pour le confinements de s\u00e9diments.","robots":{"index":"index","follow":"follow","max-snippet":"max-snippet:-1","max-image-preview":"max-image-preview:large","max-video-preview":"max-video-preview:-1"},"canonical":"https:\/\/bubbletubing.wp.vortexdev.com\/fr\/les-solutions-du-tuyau-bulle\/rideau-de-bulles-tuyau-bulle\/controle-des-sediments\/","og_locale":"fr_CA","og_type":"article","og_title":"Contr\u00f4le des s\u00e9diments avec le rideau de bulles \u00e0 des fin de confinements.","og_description":"Contr\u00f4le des s\u00e9diments avec un rideau de bulles utilis\u00e9 sur chantiers de dragage et les zones aquatiques pour le confinements de s\u00e9diments.","og_url":"https:\/\/bubbletubing.wp.vortexdev.com\/fr\/les-solutions-du-tuyau-bulle\/rideau-de-bulles-tuyau-bulle\/controle-des-sediments\/","og_site_name":"Bubble Tubing","article_modified_time":"2025-10-22T17:00:33+00:00","twitter_card":"summary_large_image","schema":{"@context":"https:\/\/schema.org","@graph":[{"@type":"WebPage","@id":"https:\/\/bubbletubing.wp.vortexdev.com\/fr\/les-solutions-du-tuyau-bulle\/rideau-de-bulles-tuyau-bulle\/controle-des-sediments\/","url":"https:\/\/bubbletubing.wp.vortexdev.com\/fr\/les-solutions-du-tuyau-bulle\/rideau-de-bulles-tuyau-bulle\/controle-des-sediments\/","name":"Contr\u00f4le des s\u00e9diments avec le rideau de bulles \u00e0 des fin de confinements.","isPartOf":{"@id":"https:\/\/bubbletubing.wp.vortexdev.com\/fr\/#website"},"datePublished":"2020-04-13T19:25:16+00:00","dateModified":"2025-10-22T17:00:33+00:00","description":"Contr\u00f4le des s\u00e9diments avec un rideau de bulles utilis\u00e9 sur chantiers de dragage et les zones aquatiques pour le confinements de s\u00e9diments.","breadcrumb":{"@id":"https:\/\/bubbletubing.wp.vortexdev.com\/fr\/les-solutions-du-tuyau-bulle\/rideau-de-bulles-tuyau-bulle\/controle-des-sediments\/#breadcrumb"},"inLanguage":"fr-CA","potentialAction":[{"@type":"ReadAction","target":["https:\/\/bubbletubing.wp.vortexdev.com\/fr\/les-solutions-du-tuyau-bulle\/rideau-de-bulles-tuyau-bulle\/controle-des-sediments\/"]}]},{"@type":"BreadcrumbList","@id":"https:\/\/bubbletubing.wp.vortexdev.com\/fr\/les-solutions-du-tuyau-bulle\/rideau-de-bulles-tuyau-bulle\/controle-des-sediments\/#breadcrumb","itemListElement":[{"@type":"ListItem","position":1,"name":"Home","item":"https:\/\/bubbletubing.wp.vortexdev.com\/fr\/"},{"@type":"ListItem","position":2,"name":"Les Solutions du Tuyau Bulle\u00ae","item":"https:\/\/bubbletubing.wp.vortexdev.com\/fr\/les-solutions-du-tuyau-bulle\/"},{"@type":"ListItem","position":3,"name":"Rideau de bulles","item":"https:\/\/bubbletubing.wp.vortexdev.com\/fr\/les-solutions-du-tuyau-bulle\/rideau-de-bulles-tuyau-bulle\/"},{"@type":"ListItem","position":4,"name":"Contr\u00f4le des s\u00e9diments"}]},{"@type":"WebSite","@id":"https:\/\/bubbletubing.wp.vortexdev.com\/fr\/#website","url":"https:\/\/bubbletubing.wp.vortexdev.com\/fr\/","name":"Bubble Tubing","description":"Barri\u00e8re de bulles, d\u00e9gla\u00e7age, a\u00e9ration","potentialAction":[{"@type":"SearchAction","target":{"@type":"EntryPoint","urlTemplate":"https:\/\/bubbletubing.wp.vortexdev.com\/fr\/?s={search_term_string}"},"query-input":{"@type":"PropertyValueSpecification","valueRequired":true,"valueName":"search_term_string"}}],"inLanguage":"fr-CA"}]}},"_links":{"self":[{"href":"https:\/\/bubbletubing.wp.vortexdev.com\/fr\/wp-json\/wp\/v2\/pages\/823","targetHints":{"allow":["GET"]}}],"collection":[{"href":"https:\/\/bubbletubing.wp.vortexdev.com\/fr\/wp-json\/wp\/v2\/pages"}],"about":[{"href":"https:\/\/bubbletubing.wp.vortexdev.com\/fr\/wp-json\/wp\/v2\/types\/page"}],"author":[{"embeddable":true,"href":"https:\/\/bubbletubing.wp.vortexdev.com\/fr\/wp-json\/wp\/v2\/users\/1"}],"replies":[{"embeddable":true,"href":"https:\/\/bubbletubing.wp.vortexdev.com\/fr\/wp-json\/wp\/v2\/comments?post=823"}],"version-history":[{"count":1,"href":"https:\/\/bubbletubing.wp.vortexdev.com\/fr\/wp-json\/wp\/v2\/pages\/823\/revisions"}],"predecessor-version":[{"id":13450,"href":"https:\/\/bubbletubing.wp.vortexdev.com\/fr\/wp-json\/wp\/v2\/pages\/823\/revisions\/13450"}],"up":[{"embeddable":true,"href":"https:\/\/bubbletubing.wp.vortexdev.com\/fr\/wp-json\/wp\/v2\/pages\/230"}],"wp:attachment":[{"href":"https:\/\/bubbletubing.wp.vortexdev.com\/fr\/wp-json\/wp\/v2\/media?parent=823"}],"curies":[{"name":"wp","href":"https:\/\/api.w.org\/{rel}","templated":true}]}}