{"id":853,"date":"2020-04-13T16:16:26","date_gmt":"2020-04-13T20:16:26","guid":{"rendered":"https:\/\/bubbletubing.wp.vortexdev.com\/?page_id=853"},"modified":"2026-04-16T15:50:04","modified_gmt":"2026-04-16T19:50:04","slug":"restauration-lacs-eutrophies","status":"publish","type":"page","link":"https:\/\/bubbletubing.wp.vortexdev.com\/fr\/les-solutions-du-tuyau-bulle\/aeration-diffuseur-tuyau-bulle\/restauration-lacs-eutrophies\/","title":{"rendered":"Restauration lacs eutrophi\u00e9s"},"content":{"rendered":"","protected":false},"excerpt":{"rendered":"","protected":false},"author":1,"featured_media":0,"parent":238,"menu_order":0,"comment_status":"closed","ping_status":"closed","template":"pages\/page-application.php","meta":{"_acf_changed":false,"_relevanssi_hide_post":"","_relevanssi_hide_content":"","_relevanssi_pin_for_all":"","_relevanssi_pin_keywords":"","_relevanssi_unpin_keywords":"","_relevanssi_related_keywords":"","_relevanssi_related_include_ids":"","_relevanssi_related_exclude_ids":"","_relevanssi_related_no_append":"","_relevanssi_related_not_related":"","_relevanssi_related_posts":"","_relevanssi_noindex_reason":"","inline_featured_image":false,"footnotes":""},"class_list":["post-853","page","type-page","status-publish","hentry"],"acf":[],"yoast_head":"<!-- This site is optimized with the Yoast SEO plugin v27.2 - https:\/\/yoast.com\/product\/yoast-seo-wordpress\/ -->\n<title>Restauration lacs eutrophi\u00e9s avec Le Tuyau Bulle\u00ae<\/title>\n<meta name=\"description\" content=\"Restauration lacs eutrophi\u00e9s. L&#039;a\u00e9ration ralentit le vieillissement des lacs en conservant un milieu oxyg\u00e9n\u00e9 pour la faune aquatique.\" \/>\n<meta name=\"robots\" content=\"index, follow, max-snippet:-1, max-image-preview:large, max-video-preview:-1\" \/>\n<link rel=\"canonical\" href=\"https:\/\/bubbletubing.wp.vortexdev.com\/fr\/les-solutions-du-tuyau-bulle\/aeration-diffuseur-tuyau-bulle\/restauration-lacs-eutrophies\/\" \/>\n<meta property=\"og:locale\" content=\"fr_CA\" \/>\n<meta property=\"og:type\" content=\"article\" \/>\n<meta property=\"og:title\" content=\"Restauration lacs eutrophi\u00e9s avec Le Tuyau Bulle\u00ae\" \/>\n<meta property=\"og:description\" content=\"Restauration lacs eutrophi\u00e9s. L&#039;a\u00e9ration ralentit le vieillissement des lacs en conservant un milieu oxyg\u00e9n\u00e9 pour la faune aquatique.\" \/>\n<meta property=\"og:url\" content=\"https:\/\/bubbletubing.wp.vortexdev.com\/fr\/les-solutions-du-tuyau-bulle\/aeration-diffuseur-tuyau-bulle\/restauration-lacs-eutrophies\/\" \/>\n<meta property=\"og:site_name\" content=\"Bubble Tubing\" \/>\n<meta property=\"article:modified_time\" content=\"2026-04-16T19:50:04+00:00\" \/>\n<meta name=\"twitter:card\" content=\"summary_large_image\" \/>\n<script type=\"application\/ld+json\" class=\"yoast-schema-graph\">{\"@context\":\"https:\/\/schema.org\",\"@graph\":[{\"@type\":\"WebPage\",\"@id\":\"https:\/\/bubbletubing.wp.vortexdev.com\/fr\/les-solutions-du-tuyau-bulle\/aeration-diffuseur-tuyau-bulle\/restauration-lacs-eutrophies\/\",\"url\":\"https:\/\/bubbletubing.wp.vortexdev.com\/fr\/les-solutions-du-tuyau-bulle\/aeration-diffuseur-tuyau-bulle\/restauration-lacs-eutrophies\/\",\"name\":\"Restauration lacs eutrophi\u00e9s avec Le Tuyau Bulle\u00ae\",\"isPartOf\":{\"@id\":\"https:\/\/bubbletubing.wp.vortexdev.com\/fr\/#website\"},\"datePublished\":\"2020-04-13T20:16:26+00:00\",\"dateModified\":\"2026-04-16T19:50:04+00:00\",\"description\":\"Restauration lacs eutrophi\u00e9s. L'a\u00e9ration ralentit le vieillissement des lacs en conservant un milieu oxyg\u00e9n\u00e9 pour la faune aquatique.\",\"breadcrumb\":{\"@id\":\"https:\/\/bubbletubing.wp.vortexdev.com\/fr\/les-solutions-du-tuyau-bulle\/aeration-diffuseur-tuyau-bulle\/restauration-lacs-eutrophies\/#breadcrumb\"},\"inLanguage\":\"fr-CA\",\"potentialAction\":[{\"@type\":\"ReadAction\",\"target\":[\"https:\/\/bubbletubing.wp.vortexdev.com\/fr\/les-solutions-du-tuyau-bulle\/aeration-diffuseur-tuyau-bulle\/restauration-lacs-eutrophies\/\"]}]},{\"@type\":\"BreadcrumbList\",\"@id\":\"https:\/\/bubbletubing.wp.vortexdev.com\/fr\/les-solutions-du-tuyau-bulle\/aeration-diffuseur-tuyau-bulle\/restauration-lacs-eutrophies\/#breadcrumb\",\"itemListElement\":[{\"@type\":\"ListItem\",\"position\":1,\"name\":\"Home\",\"item\":\"https:\/\/bubbletubing.wp.vortexdev.com\/fr\/\"},{\"@type\":\"ListItem\",\"position\":2,\"name\":\"Les Solutions du Tuyau Bulle\u00ae\",\"item\":\"https:\/\/bubbletubing.wp.vortexdev.com\/fr\/les-solutions-du-tuyau-bulle\/\"},{\"@type\":\"ListItem\",\"position\":3,\"name\":\"A\u00e9ration\",\"item\":\"https:\/\/bubbletubing.wp.vortexdev.com\/fr\/les-solutions-du-tuyau-bulle\/aeration-diffuseur-tuyau-bulle\/\"},{\"@type\":\"ListItem\",\"position\":4,\"name\":\"Restauration lacs eutrophi\u00e9s\"}]},{\"@type\":\"WebSite\",\"@id\":\"https:\/\/bubbletubing.wp.vortexdev.com\/fr\/#website\",\"url\":\"https:\/\/bubbletubing.wp.vortexdev.com\/fr\/\",\"name\":\"Bubble Tubing\",\"description\":\"Barri\u00e8re de bulles, d\u00e9gla\u00e7age, a\u00e9ration\",\"potentialAction\":[{\"@type\":\"SearchAction\",\"target\":{\"@type\":\"EntryPoint\",\"urlTemplate\":\"https:\/\/bubbletubing.wp.vortexdev.com\/fr\/?s={search_term_string}\"},\"query-input\":{\"@type\":\"PropertyValueSpecification\",\"valueRequired\":true,\"valueName\":\"search_term_string\"}}],\"inLanguage\":\"fr-CA\"}]}<\/script>\n<!-- \/ Yoast SEO plugin. -->","yoast_head_json":{"title":"Restauration lacs eutrophi\u00e9s avec Le Tuyau Bulle\u00ae","description":"Restauration lacs eutrophi\u00e9s. L'a\u00e9ration ralentit le vieillissement des lacs en conservant un milieu oxyg\u00e9n\u00e9 pour la faune aquatique.","robots":{"index":"index","follow":"follow","max-snippet":"max-snippet:-1","max-image-preview":"max-image-preview:large","max-video-preview":"max-video-preview:-1"},"canonical":"https:\/\/bubbletubing.wp.vortexdev.com\/fr\/les-solutions-du-tuyau-bulle\/aeration-diffuseur-tuyau-bulle\/restauration-lacs-eutrophies\/","og_locale":"fr_CA","og_type":"article","og_title":"Restauration lacs eutrophi\u00e9s avec Le Tuyau Bulle\u00ae","og_description":"Restauration lacs eutrophi\u00e9s. L'a\u00e9ration ralentit le vieillissement des lacs en conservant un milieu oxyg\u00e9n\u00e9 pour la faune aquatique.","og_url":"https:\/\/bubbletubing.wp.vortexdev.com\/fr\/les-solutions-du-tuyau-bulle\/aeration-diffuseur-tuyau-bulle\/restauration-lacs-eutrophies\/","og_site_name":"Bubble Tubing","article_modified_time":"2026-04-16T19:50:04+00:00","twitter_card":"summary_large_image","schema":{"@context":"https:\/\/schema.org","@graph":[{"@type":"WebPage","@id":"https:\/\/bubbletubing.wp.vortexdev.com\/fr\/les-solutions-du-tuyau-bulle\/aeration-diffuseur-tuyau-bulle\/restauration-lacs-eutrophies\/","url":"https:\/\/bubbletubing.wp.vortexdev.com\/fr\/les-solutions-du-tuyau-bulle\/aeration-diffuseur-tuyau-bulle\/restauration-lacs-eutrophies\/","name":"Restauration lacs eutrophi\u00e9s avec Le Tuyau Bulle\u00ae","isPartOf":{"@id":"https:\/\/bubbletubing.wp.vortexdev.com\/fr\/#website"},"datePublished":"2020-04-13T20:16:26+00:00","dateModified":"2026-04-16T19:50:04+00:00","description":"Restauration lacs eutrophi\u00e9s. L'a\u00e9ration ralentit le vieillissement des lacs en conservant un milieu oxyg\u00e9n\u00e9 pour la faune aquatique.","breadcrumb":{"@id":"https:\/\/bubbletubing.wp.vortexdev.com\/fr\/les-solutions-du-tuyau-bulle\/aeration-diffuseur-tuyau-bulle\/restauration-lacs-eutrophies\/#breadcrumb"},"inLanguage":"fr-CA","potentialAction":[{"@type":"ReadAction","target":["https:\/\/bubbletubing.wp.vortexdev.com\/fr\/les-solutions-du-tuyau-bulle\/aeration-diffuseur-tuyau-bulle\/restauration-lacs-eutrophies\/"]}]},{"@type":"BreadcrumbList","@id":"https:\/\/bubbletubing.wp.vortexdev.com\/fr\/les-solutions-du-tuyau-bulle\/aeration-diffuseur-tuyau-bulle\/restauration-lacs-eutrophies\/#breadcrumb","itemListElement":[{"@type":"ListItem","position":1,"name":"Home","item":"https:\/\/bubbletubing.wp.vortexdev.com\/fr\/"},{"@type":"ListItem","position":2,"name":"Les Solutions du Tuyau Bulle\u00ae","item":"https:\/\/bubbletubing.wp.vortexdev.com\/fr\/les-solutions-du-tuyau-bulle\/"},{"@type":"ListItem","position":3,"name":"A\u00e9ration","item":"https:\/\/bubbletubing.wp.vortexdev.com\/fr\/les-solutions-du-tuyau-bulle\/aeration-diffuseur-tuyau-bulle\/"},{"@type":"ListItem","position":4,"name":"Restauration lacs eutrophi\u00e9s"}]},{"@type":"WebSite","@id":"https:\/\/bubbletubing.wp.vortexdev.com\/fr\/#website","url":"https:\/\/bubbletubing.wp.vortexdev.com\/fr\/","name":"Bubble Tubing","description":"Barri\u00e8re de bulles, d\u00e9gla\u00e7age, a\u00e9ration","potentialAction":[{"@type":"SearchAction","target":{"@type":"EntryPoint","urlTemplate":"https:\/\/bubbletubing.wp.vortexdev.com\/fr\/?s={search_term_string}"},"query-input":{"@type":"PropertyValueSpecification","valueRequired":true,"valueName":"search_term_string"}}],"inLanguage":"fr-CA"}]}},"_links":{"self":[{"href":"https:\/\/bubbletubing.wp.vortexdev.com\/fr\/wp-json\/wp\/v2\/pages\/853","targetHints":{"allow":["GET"]}}],"collection":[{"href":"https:\/\/bubbletubing.wp.vortexdev.com\/fr\/wp-json\/wp\/v2\/pages"}],"about":[{"href":"https:\/\/bubbletubing.wp.vortexdev.com\/fr\/wp-json\/wp\/v2\/types\/page"}],"author":[{"embeddable":true,"href":"https:\/\/bubbletubing.wp.vortexdev.com\/fr\/wp-json\/wp\/v2\/users\/1"}],"replies":[{"embeddable":true,"href":"https:\/\/bubbletubing.wp.vortexdev.com\/fr\/wp-json\/wp\/v2\/comments?post=853"}],"version-history":[{"count":3,"href":"https:\/\/bubbletubing.wp.vortexdev.com\/fr\/wp-json\/wp\/v2\/pages\/853\/revisions"}],"predecessor-version":[{"id":14178,"href":"https:\/\/bubbletubing.wp.vortexdev.com\/fr\/wp-json\/wp\/v2\/pages\/853\/revisions\/14178"}],"up":[{"embeddable":true,"href":"https:\/\/bubbletubing.wp.vortexdev.com\/fr\/wp-json\/wp\/v2\/pages\/238"}],"wp:attachment":[{"href":"https:\/\/bubbletubing.wp.vortexdev.com\/fr\/wp-json\/wp\/v2\/media?parent=853"}],"curies":[{"name":"wp","href":"https:\/\/api.w.org\/{rel}","templated":true}]}}